{"id":1830,"date":"2020-02-28T11:22:59","date_gmt":"2020-02-28T15:22:59","guid":{"rendered":"http:\/\/atahualpahabaspamba.gob.ec\/pichincha\/?page_id=1830"},"modified":"2025-11-27T08:14:52","modified_gmt":"2025-11-27T13:14:52","slug":"bienvenidos-a-la-parroquia-de-atahualpa-habaspamba","status":"publish","type":"page","link":"https:\/\/gadnuevoquito.gob.ec\/zamorachinchipe\/","title":{"rendered":"GAD Parroquial | NUEVO QUITO"},"content":{"rendered":"[vc_row bg_type=&#8221;bg_color&#8221; bg_color_value=&#8221;#f7f7f7&#8243; css=&#8221;.vc_custom_1581547090144{padding-top: 0px !important;padding-bottom: 0px !important;}&#8221;][vc_column css=&#8221;.vc_custom_1529671385255{background-position: center !important;background-repeat: no-repeat !important;background-size: cover !important;}&#8221;][vc_row_inner][vc_column_inner]<div id=\"ultimate-heading-749569e4bb42ebf6a\" class=\"uvc-heading ult-adjust-bottom-margin ultimate-heading-749569e4bb42ebf6a uvc-8318 accent-border-color\" data-hspacer=\"line_only\"  data-halign=\"center\" style=\"text-align:center\"><div class=\"uvc-main-heading ult-responsive\"  data-ultimate-target='.uvc-heading.ultimate-heading-749569e4bb42ebf6a h2'  data-responsive-json-new='{\"font-size\":\"desktop:26px;\",\"line-height\":\"desktop:36px;\"}' ><h2 style=\"font-weight:normal;margin-bottom:15px;\">EN L\u00cdNEA<\/h2><\/div><div class=\"uvc-heading-spacer line_only\" style=\"margin-bottom:60px;height:3px;\"><span class=\"uvc-headings-line\" style=\"border-style:solid;border-bottom-width:3px;border-color:#0d1266;width:100px;\"><\/span><\/div><\/div>[\/vc_column_inner][\/vc_row_inner][vc_row_inner][vc_column_inner width=&#8221;1\/3&#8243;][vc_icon icon_fontawesome=&#8221;fa fa-folder-open&#8221; color=&#8221;green&#8221; size=&#8221;xl&#8221; align=&#8221;center&#8221;]<div id=\"ultimate-heading-240469e4bb42ebf8e\" class=\"uvc-heading ult-adjust-bottom-margin ultimate-heading-240469e4bb42ebf8e uvc-3332 \" data-hspacer=\"no_spacer\"  data-halign=\"center\" style=\"text-align:center\"><div class=\"uvc-heading-spacer no_spacer\" style=\"top\"><\/div><div class=\"uvc-main-heading ult-responsive\"  data-ultimate-target='.uvc-heading.ultimate-heading-240469e4bb42ebf8e h2'  data-responsive-json-new='{\"font-size\":\"desktop:26px;\",\"line-height\":\"desktop:36px;\"}' ><h2 style=\"font-weight:normal;margin-bottom:5px;\">Rendici\u00f3n de Cuentas<\/h2><\/div><div class=\"uvc-sub-heading ult-responsive\"  data-ultimate-target='.uvc-heading.ultimate-heading-240469e4bb42ebf8e .uvc-sub-heading '  data-responsive-json-new='{\"font-size\":\"\",\"line-height\":\"desktop:28px;\"}'  style=\"font-weight:normal;margin-bottom:20px;\">Informe anual sobre los trabajos y gesti\u00f3n realizada durante las administraciones de turno<\/div><\/div><div class=\" ubtn-ctn-center \"><a class=\"ubtn-link ult-adjust-bottom-margin ubtn-center ubtn-normal \" href=\"https:\/\/gadnuevoquito.gob.ec\/zamorachinchipe\/rendicion-de-cuentas-2023\/\" title=\"Rendici\u00f3n de Cuentas 2023\" ><button type=\"button\" id=\"ubtn-6610\"  class=\"ubtn ult-adjust-bottom-margin ult-responsive ubtn-normal ubtn-fade-bg  ulta-float  ubtn-center   tooltip-69e4bb42ebfaa\"  data-hover=\"\" data-border-color=\"\" data-bg=\"#e0e0e0\" data-hover-bg=\"\" data-border-hover=\"\" data-shadow-hover=\"\" data-shadow-click=\"none\" data-shadow=\"\" data-shd-shadow=\"\"  data-ultimate-target='#ubtn-6610'  data-responsive-json-new='{\"font-size\":\"\",\"line-height\":\"\"}'  style=\"font-weight:normal;border:none;background: #e0e0e0;color: #000000;\"><span class=\"ubtn-hover\" style=\"background-color:\"><\/span><span class=\"ubtn-data ubtn-text \" >Ver Rendici\u00f3n de Cuentas<\/span><\/button><\/a><\/div>[\/vc_column_inner][vc_column_inner width=&#8221;1\/3&#8243;][vc_icon icon_fontawesome=&#8221;fa fa-file-pdf-o&#8221; color=&#8221;green&#8221; size=&#8221;xl&#8221; align=&#8221;center&#8221;]<div id=\"ultimate-heading-290369e4bb42ec005\" class=\"uvc-heading ult-adjust-bottom-margin ultimate-heading-290369e4bb42ec005 uvc-7977 \" data-hspacer=\"no_spacer\"  data-halign=\"center\" style=\"text-align:center\"><div class=\"uvc-heading-spacer no_spacer\" style=\"top\"><\/div><div class=\"uvc-main-heading ult-responsive\"  data-ultimate-target='.uvc-heading.ultimate-heading-290369e4bb42ec005 h2'  data-responsive-json-new='{\"font-size\":\"desktop:26px;\",\"line-height\":\"desktop:36px;\"}' ><h2 style=\"font-weight:normal;margin-bottom:5px;\">PDOT<\/h2><\/div><div class=\"uvc-sub-heading ult-responsive\"  data-ultimate-target='.uvc-heading.ultimate-heading-290369e4bb42ec005 .uvc-sub-heading '  data-responsive-json-new='{\"font-size\":\"\",\"line-height\":\"desktop:28px;\"}'  style=\"font-weight:normal;margin-bottom:20px;\">Revisa y descarga el documento del Plan de Ordenamiento Territorial<\/div><\/div><div class=\" ubtn-ctn-center \"><a class=\"ubtn-link ult-adjust-bottom-margin ubtn-center ubtn-normal \" href=\"https:\/\/gadnuevoquito.gob.ec\/zamorachinchipe\/wp-content\/uploads\/2025\/02\/PDOT-Nuevo-Quito-2023-2027-nov24_compressed-1.pdf\" title=\"Plan de Desarrollo y Ordenamiento Territorial\" target=\"_blank\" rel=\"noopener\" ><button type=\"button\" id=\"ubtn-2834\"  class=\"ubtn ult-adjust-bottom-margin ult-responsive ubtn-normal ubtn-fade-bg  ulta-float  ubtn-center   tooltip-69e4bb42ec022\"  data-hover=\"\" data-border-color=\"\" data-bg=\"#e0e0e0\" data-hover-bg=\"\" data-border-hover=\"\" data-shadow-hover=\"\" data-shadow-click=\"none\" data-shadow=\"\" data-shd-shadow=\"\"  data-ultimate-target='#ubtn-2834'  data-responsive-json-new='{\"font-size\":\"\",\"line-height\":\"\"}'  style=\"font-weight:normal;border:none;background: #e0e0e0;color: #000000;\"><span class=\"ubtn-hover\" style=\"background-color:\"><\/span><span class=\"ubtn-data ubtn-text \" >Ver PDOT<\/span><\/button><\/a><\/div>[\/vc_column_inner][vc_column_inner width=&#8221;1\/3&#8243;][vc_icon icon_fontawesome=&#8221;fa fa-camera-retro&#8221; color=&#8221;green&#8221; size=&#8221;xl&#8221; align=&#8221;center&#8221;]<div id=\"ultimate-heading-981769e4bb42ec047\" class=\"uvc-heading ult-adjust-bottom-margin ultimate-heading-981769e4bb42ec047 uvc-7201 \" data-hspacer=\"no_spacer\"  data-halign=\"center\" style=\"text-align:center\"><div class=\"uvc-heading-spacer no_spacer\" style=\"top\"><\/div><div class=\"uvc-main-heading ult-responsive\"  data-ultimate-target='.uvc-heading.ultimate-heading-981769e4bb42ec047 h2'  data-responsive-json-new='{\"font-size\":\"desktop:26px;\",\"line-height\":\"desktop:36px;\"}' ><h2 style=\"font-weight:normal;margin-bottom:5px;\">Turismo<\/h2><\/div><div class=\"uvc-sub-heading ult-responsive\"  data-ultimate-target='.uvc-heading.ultimate-heading-981769e4bb42ec047 .uvc-sub-heading '  data-responsive-json-new='{\"font-size\":\"\",\"line-height\":\"desktop:28px;\"}'  style=\"font-weight:normal;margin-bottom:20px;\">Informaci\u00f3n sobre los atractivos tur\u00edsticos de la parroquia de Nuevo Quito<\/div><\/div><div class=\" ubtn-ctn-center \"><a class=\"ubtn-link ult-adjust-bottom-margin ubtn-center ubtn-normal \" href=\"https:\/\/gadnuevoquito.gob.ec\/zamorachinchipe\/sitios-turisticos\/\" title=\"Sitios Tur\u00edsticos\" ><button type=\"button\" id=\"ubtn-7027\"  class=\"ubtn ult-adjust-bottom-margin ult-responsive ubtn-normal ubtn-fade-bg  ulta-float  ubtn-center   tooltip-69e4bb42ec05c\"  data-hover=\"\" data-border-color=\"\" data-bg=\"#e0e0e0\" data-hover-bg=\"\" data-border-hover=\"\" data-shadow-hover=\"\" data-shadow-click=\"none\" data-shadow=\"\" data-shd-shadow=\"\"  data-ultimate-target='#ubtn-7027'  data-responsive-json-new='{\"font-size\":\"\",\"line-height\":\"\"}'  style=\"font-weight:normal;border:none;background: #e0e0e0;color: #000000;\"><span class=\"ubtn-hover\" style=\"background-color:\"><\/span><span class=\"ubtn-data ubtn-text \" >Ir a Turismo<\/span><\/button><\/a><\/div>[\/vc_column_inner][\/vc_row_inner][vc_column_inner][\/vc_column_inner][\/vc_column][\/vc_row][vc_row bg_type=&#8221;image&#8221; parallax_style=&#8221;vcpb-vz-jquery&#8221; bg_image_new=&#8221;id^4830|url^https:\/\/gadnuevoquito.gob.ec\/zamorachinchipe\/wp-content\/uploads\/2023\/07\/WhatsApp-Image-2023-07-21-at-11.40.03-1.jpeg|caption^null|alt^null|title^WhatsApp Image 2023-07-21 at 11.40.03 (1)|description^null&#8221; bg_image_repeat=&#8221;no-repeat&#8221; enable_overlay=&#8221;enable_overlay_value&#8221; overlay_color=&#8221;rgba(0,0,0,0.29)&#8221; css=&#8221;.vc_custom_1690136021532{padding-top: 80px !important;padding-bottom: 80px !important;}&#8221;][vc_column]<div id=\"ultimate-heading-203969e4bb42ec081\" class=\"uvc-heading ult-adjust-bottom-margin ultimate-heading-203969e4bb42ec081 uvc-5550 accent-border-color\" data-hspacer=\"line_only\"  data-halign=\"center\" style=\"text-align:center\"><div class=\"uvc-main-heading ult-responsive\"  data-ultimate-target='.uvc-heading.ultimate-heading-203969e4bb42ec081 h2'  data-responsive-json-new='{\"font-size\":\"desktop:40px;\",\"line-height\":\"desktop:50px;\"}' ><h2 style=\"font-weight:normal;color:#ffffff;margin-bottom:15px;\">Turismo en la parroquia de Nuevo Quito<\/h2><\/div><div class=\"uvc-heading-spacer line_only\" style=\"margin-bottom:60px;height:4px;\"><span class=\"uvc-headings-line\" style=\"border-style:solid;border-bottom-width:4px;border-color:#5e2c35;width:100px;\"><\/span><\/div><\/div><div class=\" ubtn-ctn-center \"><a class=\"ubtn-link ult-adjust-bottom-margin ubtn-center ubtn-normal \" href=\"https:\/\/gadnuevoquito.gob.ec\/zamorachinchipe\/turismo\/\" ><button type=\"button\" id=\"ubtn-7064\"  class=\"ubtn ult-adjust-bottom-margin ult-responsive ubtn-normal ubtn-fade-bg  ulta-pulse-grow  ubtn-center   tooltip-69e4bb42ec099\"  data-hover=\"\" data-border-color=\"#dd9933\" data-bg=\"#e0e0e0\" data-hover-bg=\"\" data-border-hover=\"\" data-shadow-hover=\"\" data-shadow-click=\"none\" data-shadow=\"\" data-shd-shadow=\"\"  data-ultimate-target='#ubtn-7064'  data-responsive-json-new='{\"font-size\":\"\",\"line-height\":\"\"}'  style=\"font-weight:normal;border-radius:3px;border-width:1px;border-color:#dd9933;border-style:solid;background: #e0e0e0;color: #000000;\"><span class=\"ubtn-hover\" style=\"background-color:\"><\/span><span class=\"ubtn-data ubtn-text \" >Ir a Turismo<\/span><\/button><\/a><\/div>[\/vc_column][\/vc_row][vc_row][vc_column][vc_row_inner][vc_column_inner]<div id=\"ultimate-heading-622369e4bb42ec0bb\" class=\"uvc-heading ult-adjust-bottom-margin ultimate-heading-622369e4bb42ec0bb uvc-6052 accent-border-color\" data-hspacer=\"line_only\"  data-halign=\"center\" style=\"text-align:center\"><div class=\"uvc-main-heading ult-responsive\"  data-ultimate-target='.uvc-heading.ultimate-heading-622369e4bb42ec0bb h2'  data-responsive-json-new='{\"font-size\":\"desktop:26px;\",\"line-height\":\"desktop:36px;\"}' ><h2 style=\"font-weight:normal;margin-bottom:15px;\">Galer\u00eda Fotogr\u00e1fica<\/h2><\/div><div class=\"uvc-heading-spacer line_only\" style=\"margin-bottom:60px;height:3px;\"><span class=\"uvc-headings-line\" style=\"border-style:solid;border-bottom-width:3px;border-color:#0d1266;width:180px;\"><\/span><\/div><\/div>[\/vc_column_inner][\/vc_row_inner][vc_row_inner][vc_column_inner width=&#8221;1\/3&#8243;][vc_gallery type=&#8221;image_grid&#8221; images=&#8221;4831,4830,4856,4857,4858,4859&#8243; img_size=&#8221;80&#215;80&#8243; title=&#8221;Turismo&#8221;][\/vc_column_inner][vc_column_inner width=&#8221;1\/3&#8243;][vc_gallery type=&#8221;image_grid&#8221; images=&#8221;4860,4861,4862,4863,4864,4865,4866,4867,4868&#8243; img_size=&#8221;80&#215;80&#8243; title=&#8221;Festividades&#8221;][\/vc_column_inner][vc_column_inner width=&#8221;1\/3&#8243;][vc_gallery type=&#8221;image_grid&#8221; images=&#8221;4869,4870,4871,4872,4873,4874,4875,4876&#8243; img_size=&#8221;80&#215;80&#8243; title=&#8221;Obras&#8221;][\/vc_column_inner][\/vc_row_inner]<div id=\"ultimate-heading-490269e4bb42ec0d2\" class=\"uvc-heading ult-adjust-bottom-margin ultimate-heading-490269e4bb42ec0d2 uvc-8808 accent-border-color\" data-hspacer=\"line_only\"  data-halign=\"center\" style=\"text-align:center\"><div class=\"uvc-main-heading ult-responsive\"  data-ultimate-target='.uvc-heading.ultimate-heading-490269e4bb42ec0d2 h2'  data-responsive-json-new='{\"font-size\":\"desktop:26px;\",\"line-height\":\"desktop:36px;\"}' ><h2 style=\"font-weight:normal;margin-bottom:15px;\">Mensaje del Se\u00f1or Presidente<\/h2><\/div><div class=\"uvc-heading-spacer line_only\" style=\"margin-bottom:60px;height:3px;\"><span class=\"uvc-headings-line\" style=\"border-style:solid;border-bottom-width:3px;border-color:#0d1266;width:300px;\"><\/span><\/div><\/div>[vc_row_inner][vc_column_inner width=&#8221;1\/2&#8243;][vc_single_image image=&#8221;4833&#8243; img_size=&#8221;300&#215;400&#8243; alignment=&#8221;center&#8221; css_animation=&#8221;fadeInLeft&#8221;]<div id=\"ultimate-heading-412069e4bb42ec0e3\" class=\"uvc-heading ult-adjust-bottom-margin ultimate-heading-412069e4bb42ec0e3 uvc-8703 \" data-hspacer=\"no_spacer\"  data-halign=\"center\" style=\"text-align:center\"><div class=\"uvc-heading-spacer no_spacer\" style=\"top\"><\/div><div class=\"uvc-main-heading ult-responsive\"  data-ultimate-target='.uvc-heading.ultimate-heading-412069e4bb42ec0e3 h2'  data-responsive-json-new='{\"font-size\":\"desktop:26px;\",\"line-height\":\"desktop:36px;\"}' ><h2 style=\"font-weight:normal;margin-bottom:5px;\">Mgtr. Juan J. Sarango Jumbo<\/h2><\/div><div class=\"uvc-sub-heading ult-responsive\"  data-ultimate-target='.uvc-heading.ultimate-heading-412069e4bb42ec0e3 .uvc-sub-heading '  data-responsive-json-new='{\"font-size\":\"\",\"line-height\":\"desktop:28px;\"}'  style=\"font-weight:normal;margin-bottom:20px;\">\n<p style=\"text-align: center;\"><em>Presidente del GADPR Nuevo Quito<\/em><\/p>\n<\/div><\/div>[\/vc_column_inner][vc_column_inner width=&#8221;1\/2&#8243;][vc_empty_space height=&#8221;42px&#8221;][vc_column_text]\n<div><\/div>\n<div><\/div>\n<div><\/div>\n<blockquote>\n<h4>Queridas y queridos mandantes de Nuevo Quito:<br data-start=\"133\" data-end=\"136\" \/>Cada paso que damos como parroquia es fruto de la confianza que ustedes depositan en nosotros.<\/h4>\n<h4>Llevo en el coraz\u00f3n el compromiso de trabajar con honestidad, cercan\u00eda y respeto por cada familia que forma parte de esta tierra que amamos, sigamos caminando juntos, con esperanza y unidad, para construir el Nuevo Quito que so\u00f1amos: m\u00e1s digno, m\u00e1s fuerte y m\u00e1s humano.<\/h4>\n<h4>Juntos, todo es posible.<\/h4>\n<h4>Presidente del GADPR Nuevo Quito<\/h4>\n<\/blockquote>\n[\/vc_column_text][\/vc_column_inner][\/vc_row_inner][\/vc_column][\/vc_row]\n","protected":false},"excerpt":{"rendered":"<p>[vc_row bg_type=&#8221;bg_color&#8221; bg_color_value=&#8221;#f7f7f7&#8243; css=&#8221;.vc_custom_1581547090144{padding-top: 0px !important;padding-bottom: 0px !important;}&#8221;][vc_column css=&#8221;.vc_custom_1529671385255{background-position: center !important;background-repeat: no-repeat !important;background-size: cover !important;}&#8221;][vc_row_inner][vc_column_inner][\/vc_column_inner][\/vc_row_inner][vc_row_inner][vc_column_inner width=&#8221;1\/3&#8243;][vc_icon icon_fontawesome=&#8221;fa fa-folder-open&#8221; color=&#8221;green&#8221; size=&#8221;xl&#8221; align=&#8221;center&#8221;][\/vc_column_inner][vc_column_inner width=&#8221;1\/3&#8243;][vc_icon icon_fontawesome=&#8221;fa fa-file-pdf-o&#8221; color=&#8221;green&#8221; size=&#8221;xl&#8221; align=&#8221;center&#8221;][\/vc_column_inner][vc_column_inner width=&#8221;1\/3&#8243;][vc_icon icon_fontawesome=&#8221;fa fa-camera-retro&#8221; color=&#8221;green&#8221; size=&#8221;xl&#8221; align=&#8221;center&#8221;][\/vc_column_inner][\/vc_row_inner][vc_column_inner][\/vc_column_inner][\/vc_column][\/vc_row][vc_row bg_type=&#8221;image&#8221; parallax_style=&#8221;vcpb-vz-jquery&#8221; bg_image_new=&#8221;id^4830|url^https:\/\/gadnuevoquito.gob.ec\/zamorachinchipe\/wp-content\/uploads\/2023\/07\/WhatsApp-Image-2023-07-21-at-11.40.03-1.jpeg|caption^null|alt^null|title^WhatsApp Image 2023-07-21 at 11.40.03 (1)|description^null&#8221; bg_image_repeat=&#8221;no-repeat&#8221; enable_overlay=&#8221;enable_overlay_value&#8221; overlay_color=&#8221;rgba(0,0,0,0.29)&#8221; css=&#8221;.vc_custom_1690136021532{padding-top: 80px !important;padding-bottom: 80px !important;}&#8221;][vc_column][\/vc_column][\/vc_row][vc_row][vc_column][vc_row_inner][vc_column_inner][\/vc_column_inner][\/vc_row_inner][vc_row_inner][vc_column_inner width=&#8221;1\/3&#8243;][vc_gallery type=&#8221;image_grid&#8221; images=&#8221;4831,4830,4856,4857,4858,4859&#8243; img_size=&#8221;80&#215;80&#8243; title=&#8221;Turismo&#8221;][\/vc_column_inner][vc_column_inner width=&#8221;1\/3&#8243;][vc_gallery [&hellip;]<\/p>\n","protected":false},"author":6,"featured_media":0,"parent":0,"menu_order":0,"comment_status":"closed","ping_status":"closed","template":"","meta":{"jetpack_post_was_ever_published":false,"footnotes":""},"class_list":["post-1830","page","type-page","status-publish","hentry","post"],"yoast_head":"<!-- This site is optimized with the Yoast SEO plugin v24.2 - https:\/\/yoast.com\/wordpress\/plugins\/seo\/ -->\n<title>GAD Parroquial | NUEVO QUITO - GAD Parroquial Nuevo Quito<\/title>\n<meta name=\"description\" content=\"GAD Parroquial de Nuevo Quito - Zamora Chinchipe\" \/>\n<meta name=\"robots\" content=\"index, follow, max-snippet:-1, max-image-preview:large, max-video-preview:-1\" \/>\n<link rel=\"canonical\" href=\"https:\/\/gadnuevoquito.gob.ec\/zamorachinchipe\/\" \/>\n<meta property=\"og:locale\" content=\"es_ES\" \/>\n<meta property=\"og:type\" content=\"article\" \/>\n<meta property=\"og:title\" content=\"GAD Parroquial | NUEVO QUITO - GAD Parroquial Nuevo Quito\" \/>\n<meta property=\"og:description\" content=\"GAD Parroquial de Nuevo Quito - Zamora Chinchipe\" \/>\n<meta property=\"og:url\" content=\"https:\/\/gadnuevoquito.gob.ec\/zamorachinchipe\/\" \/>\n<meta property=\"og:site_name\" content=\"GAD Parroquial Nuevo Quito\" \/>\n<meta property=\"article:modified_time\" content=\"2025-11-27T13:14:52+00:00\" \/>\n<meta name=\"twitter:card\" content=\"summary_large_image\" \/>\n<meta name=\"twitter:label1\" content=\"Tiempo de lectura\" \/>\n\t<meta name=\"twitter:data1\" content=\"2 minutos\" \/>\n<script type=\"application\/ld+json\" class=\"yoast-schema-graph\">{\"@context\":\"https:\/\/schema.org\",\"@graph\":[{\"@type\":\"WebPage\",\"@id\":\"https:\/\/gadnuevoquito.gob.ec\/zamorachinchipe\/\",\"url\":\"https:\/\/gadnuevoquito.gob.ec\/zamorachinchipe\/\",\"name\":\"GAD Parroquial | NUEVO QUITO - GAD Parroquial Nuevo Quito\",\"isPartOf\":{\"@id\":\"https:\/\/gadnuevoquito.gob.ec\/zamorachinchipe\/#website\"},\"datePublished\":\"2020-02-28T15:22:59+00:00\",\"dateModified\":\"2025-11-27T13:14:52+00:00\",\"description\":\"GAD Parroquial de Nuevo Quito - Zamora Chinchipe\",\"breadcrumb\":{\"@id\":\"https:\/\/gadnuevoquito.gob.ec\/zamorachinchipe\/#breadcrumb\"},\"inLanguage\":\"es\",\"potentialAction\":[{\"@type\":\"ReadAction\",\"target\":[\"https:\/\/gadnuevoquito.gob.ec\/zamorachinchipe\/\"]}]},{\"@type\":\"BreadcrumbList\",\"@id\":\"https:\/\/gadnuevoquito.gob.ec\/zamorachinchipe\/#breadcrumb\",\"itemListElement\":[{\"@type\":\"ListItem\",\"position\":1,\"name\":\"Home\",\"item\":\"https:\/\/gadnuevoquito.gob.ec\/zamorachinchipe\/\"},{\"@type\":\"ListItem\",\"position\":2,\"name\":\"GAD Parroquial | NUEVO QUITO\"}]},{\"@type\":\"WebSite\",\"@id\":\"https:\/\/gadnuevoquito.gob.ec\/zamorachinchipe\/#website\",\"url\":\"https:\/\/gadnuevoquito.gob.ec\/zamorachinchipe\/\",\"name\":\"GAD Parroquial Nuevo Quito\",\"description\":\"Sitio web oficial del GAD Parroquial Rural de Nuevo Quito en la provincia de Zamora Chinchipe.\",\"publisher\":{\"@id\":\"https:\/\/gadnuevoquito.gob.ec\/zamorachinchipe\/#organization\"},\"potentialAction\":[{\"@type\":\"SearchAction\",\"target\":{\"@type\":\"EntryPoint\",\"urlTemplate\":\"https:\/\/gadnuevoquito.gob.ec\/zamorachinchipe\/?s={search_term_string}\"},\"query-input\":{\"@type\":\"PropertyValueSpecification\",\"valueRequired\":true,\"valueName\":\"search_term_string\"}}],\"inLanguage\":\"es\"},{\"@type\":\"Organization\",\"@id\":\"https:\/\/gadnuevoquito.gob.ec\/zamorachinchipe\/#organization\",\"name\":\"GAD Parroquial Nuevo Quito\",\"url\":\"https:\/\/gadnuevoquito.gob.ec\/zamorachinchipe\/\",\"logo\":{\"@type\":\"ImageObject\",\"inLanguage\":\"es\",\"@id\":\"https:\/\/gadnuevoquito.gob.ec\/zamorachinchipe\/#\/schema\/logo\/image\/\",\"url\":\"https:\/\/gadnuevoquito.gob.ec\/zamorachinchipe\/wp-content\/uploads\/2023\/07\/WhatsApp-Image-2023-07-21-at-11.40.03.jpeg\",\"contentUrl\":\"https:\/\/gadnuevoquito.gob.ec\/zamorachinchipe\/wp-content\/uploads\/2023\/07\/WhatsApp-Image-2023-07-21-at-11.40.03.jpeg\",\"width\":761,\"height\":546,\"caption\":\"GAD Parroquial Nuevo Quito\"},\"image\":{\"@id\":\"https:\/\/gadnuevoquito.gob.ec\/zamorachinchipe\/#\/schema\/logo\/image\/\"}}]}<\/script>\n<!-- \/ Yoast SEO plugin. -->","yoast_head_json":{"title":"GAD Parroquial | NUEVO QUITO - GAD Parroquial Nuevo Quito","description":"GAD Parroquial de Nuevo Quito - Zamora Chinchipe","robots":{"index":"index","follow":"follow","max-snippet":"max-snippet:-1","max-image-preview":"max-image-preview:large","max-video-preview":"max-video-preview:-1"},"canonical":"https:\/\/gadnuevoquito.gob.ec\/zamorachinchipe\/","og_locale":"es_ES","og_type":"article","og_title":"GAD Parroquial | NUEVO QUITO - GAD Parroquial Nuevo Quito","og_description":"GAD Parroquial de Nuevo Quito - Zamora Chinchipe","og_url":"https:\/\/gadnuevoquito.gob.ec\/zamorachinchipe\/","og_site_name":"GAD Parroquial Nuevo Quito","article_modified_time":"2025-11-27T13:14:52+00:00","twitter_card":"summary_large_image","twitter_misc":{"Tiempo de lectura":"2 minutos"},"schema":{"@context":"https:\/\/schema.org","@graph":[{"@type":"WebPage","@id":"https:\/\/gadnuevoquito.gob.ec\/zamorachinchipe\/","url":"https:\/\/gadnuevoquito.gob.ec\/zamorachinchipe\/","name":"GAD Parroquial | NUEVO QUITO - GAD Parroquial Nuevo Quito","isPartOf":{"@id":"https:\/\/gadnuevoquito.gob.ec\/zamorachinchipe\/#website"},"datePublished":"2020-02-28T15:22:59+00:00","dateModified":"2025-11-27T13:14:52+00:00","description":"GAD Parroquial de Nuevo Quito - Zamora Chinchipe","breadcrumb":{"@id":"https:\/\/gadnuevoquito.gob.ec\/zamorachinchipe\/#breadcrumb"},"inLanguage":"es","potentialAction":[{"@type":"ReadAction","target":["https:\/\/gadnuevoquito.gob.ec\/zamorachinchipe\/"]}]},{"@type":"BreadcrumbList","@id":"https:\/\/gadnuevoquito.gob.ec\/zamorachinchipe\/#breadcrumb","itemListElement":[{"@type":"ListItem","position":1,"name":"Home","item":"https:\/\/gadnuevoquito.gob.ec\/zamorachinchipe\/"},{"@type":"ListItem","position":2,"name":"GAD Parroquial | NUEVO QUITO"}]},{"@type":"WebSite","@id":"https:\/\/gadnuevoquito.gob.ec\/zamorachinchipe\/#website","url":"https:\/\/gadnuevoquito.gob.ec\/zamorachinchipe\/","name":"GAD Parroquial Nuevo Quito","description":"Sitio web oficial del GAD Parroquial Rural de Nuevo Quito en la provincia de Zamora Chinchipe.","publisher":{"@id":"https:\/\/gadnuevoquito.gob.ec\/zamorachinchipe\/#organization"},"potentialAction":[{"@type":"SearchAction","target":{"@type":"EntryPoint","urlTemplate":"https:\/\/gadnuevoquito.gob.ec\/zamorachinchipe\/?s={search_term_string}"},"query-input":{"@type":"PropertyValueSpecification","valueRequired":true,"valueName":"search_term_string"}}],"inLanguage":"es"},{"@type":"Organization","@id":"https:\/\/gadnuevoquito.gob.ec\/zamorachinchipe\/#organization","name":"GAD Parroquial Nuevo Quito","url":"https:\/\/gadnuevoquito.gob.ec\/zamorachinchipe\/","logo":{"@type":"ImageObject","inLanguage":"es","@id":"https:\/\/gadnuevoquito.gob.ec\/zamorachinchipe\/#\/schema\/logo\/image\/","url":"https:\/\/gadnuevoquito.gob.ec\/zamorachinchipe\/wp-content\/uploads\/2023\/07\/WhatsApp-Image-2023-07-21-at-11.40.03.jpeg","contentUrl":"https:\/\/gadnuevoquito.gob.ec\/zamorachinchipe\/wp-content\/uploads\/2023\/07\/WhatsApp-Image-2023-07-21-at-11.40.03.jpeg","width":761,"height":546,"caption":"GAD Parroquial Nuevo Quito"},"image":{"@id":"https:\/\/gadnuevoquito.gob.ec\/zamorachinchipe\/#\/schema\/logo\/image\/"}}]}},"jetpack_shortlink":"https:\/\/wp.me\/Pcm8cc-tw","jetpack_sharing_enabled":true,"jetpack_likes_enabled":true,"_links":{"self":[{"href":"https:\/\/gadnuevoquito.gob.ec\/zamorachinchipe\/wp-json\/wp\/v2\/pages\/1830","targetHints":{"allow":["GET"]}}],"collection":[{"href":"https:\/\/gadnuevoquito.gob.ec\/zamorachinchipe\/wp-json\/wp\/v2\/pages"}],"about":[{"href":"https:\/\/gadnuevoquito.gob.ec\/zamorachinchipe\/wp-json\/wp\/v2\/types\/page"}],"author":[{"embeddable":true,"href":"https:\/\/gadnuevoquito.gob.ec\/zamorachinchipe\/wp-json\/wp\/v2\/users\/6"}],"replies":[{"embeddable":true,"href":"https:\/\/gadnuevoquito.gob.ec\/zamorachinchipe\/wp-json\/wp\/v2\/comments?post=1830"}],"version-history":[{"count":58,"href":"https:\/\/gadnuevoquito.gob.ec\/zamorachinchipe\/wp-json\/wp\/v2\/pages\/1830\/revisions"}],"predecessor-version":[{"id":5266,"href":"https:\/\/gadnuevoquito.gob.ec\/zamorachinchipe\/wp-json\/wp\/v2\/pages\/1830\/revisions\/5266"}],"wp:attachment":[{"href":"https:\/\/gadnuevoquito.gob.ec\/zamorachinchipe\/wp-json\/wp\/v2\/media?parent=1830"}],"curies":[{"name":"wp","href":"https:\/\/api.w.org\/{rel}","templated":true}]}}