{"id":2245,"date":"2020-09-04T13:59:17","date_gmt":"2020-09-04T17:59:17","guid":{"rendered":"https:\/\/atahualpahabaspamba.gob.ec\/pichincha\/?page_id=2245"},"modified":"2021-03-09T16:00:26","modified_gmt":"2021-03-09T21:00:26","slug":"atahualpa-al-dia","status":"publish","type":"page","link":"https:\/\/gadnuevoquito.gob.ec\/zamorachinchipe\/atahualpa-al-dia\/","title":{"rendered":"Atahualpa Al D\u00eda"},"content":{"rendered":"[vc_row][vc_column][vc_column_text]Atahualpa al d\u00eda es un programa creado por el Departamento de Comunicaci\u00f3n del Gobierno Parroquial Rural de Atahualpa Habaspamba con el prop\u00f3sito de generar un espacio de entrevistas con diferentes actores sociales en diferentes temas como productores, emprendedores, artesanos, artistas, gestores culturales, representantes barriales, deportitas y m\u00e1s.<\/p>\r\n[\/vc_column_text][\/vc_column][\/vc_row][vc_row][vc_column width=&#8221;1\/2&#8243;][vc_raw_html]JTNDaWZyYW1lJTIwc3JjJTNEJTIyaHR0cHMlM0ElMkYlMkZ3d3cuZmFjZWJvb2suY29tJTJGcGx1Z2lucyUyRnZpZGVvLnBocCUzRmhyZWYlM0RodHRwcyUyNTNBJTI1MkYlMjUyRnd3dy5mYWNlYm9vay5jb20lMjUyRkdBREF0YWh1YWxwYUhhYmFzcGFtYmElMjUyRnZpZGVvcyUyNTJGMjc2MTg5NzgzODA2OTUxJTI1MkYlMjZzaG93X3RleHQlM0QxJTI2d2lkdGglM0Q1NjAlMjIlMjB3aWR0aCUzRCUyMjU2MCUyMiUyMGhlaWdodCUzRCUyMjUwMCUyMiUyMHN0eWxlJTNEJTIyYm9yZGVyJTNBbm9uZSUzQm92ZXJmbG93JTNBaGlkZGVuJTIyJTIwc2Nyb2xsaW5nJTNEJTIybm8lMjIlMjBmcmFtZWJvcmRlciUzRCUyMjAlMjIlMjBhbGxvd1RyYW5zcGFyZW5jeSUzRCUyMnRydWUlMjIlMjBhbGxvdyUzRCUyMmVuY3J5cHRlZC1tZWRpYSUyMiUyMGFsbG93RnVsbFNjcmVlbiUzRCUyMnRydWUlMjIlM0UlM0MlMkZpZnJhbWUlM0U=[\/vc_raw_html][vc_raw_html]JTNDaWZyYW1lJTIwc3JjJTNEJTIyaHR0cHMlM0ElMkYlMkZ3d3cuZmFjZWJvb2suY29tJTJGcGx1Z2lucyUyRnZpZGVvLnBocCUzRmhyZWYlM0RodHRwcyUyNTNBJTI1MkYlMjUyRnd3dy5mYWNlYm9vay5jb20lMjUyRkdBREF0YWh1YWxwYUhhYmFzcGFtYmElMjUyRnZpZGVvcyUyNTJGMzE4MDQ3NDQyNzE2MTIwJTI1MkYlMjZzaG93X3RleHQlM0QxJTI2d2lkdGglM0Q1NjAlMjIlMjB3aWR0aCUzRCUyMjU2MCUyMiUyMGhlaWdodCUzRCUyMjQ3NSUyMiUyMHN0eWxlJTNEJTIyYm9yZGVyJTNBbm9uZSUzQm92ZXJmbG93JTNBaGlkZGVuJTIyJTIwc2Nyb2xsaW5nJTNEJTIybm8lMjIlMjBmcmFtZWJvcmRlciUzRCUyMjAlMjIlMjBhbGxvd1RyYW5zcGFyZW5jeSUzRCUyMnRydWUlMjIlMjBhbGxvdyUzRCUyMmVuY3J5cHRlZC1tZWRpYSUyMiUyMGFsbG93RnVsbFNjcmVlbiUzRCUyMnRydWUlMjIlM0UlM0MlMkZpZnJhbWUlM0U=[\/vc_raw_html][vc_raw_html]JTNDaWZyYW1lJTIwc3JjJTNEJTIyaHR0cHMlM0ElMkYlMkZ3d3cuZmFjZWJvb2suY29tJTJGcGx1Z2lucyUyRnZpZGVvLnBocCUzRmhyZWYlM0RodHRwcyUyNTNBJTI1MkYlMjUyRnd3dy5mYWNlYm9vay5jb20lMjUyRkdBREF0YWh1YWxwYUhhYmFzcGFtYmElMjUyRnZpZGVvcyUyNTJGNjQzMTk2ODIyOTM2OTYxJTI1MkYlMjZzaG93X3RleHQlM0QxJTI2d2lkdGglM0Q1NjAlMjIlMjB3aWR0aCUzRCUyMjU2MCUyMiUyMGhlaWdodCUzRCUyMjQ1NiUyMiUyMHN0eWxlJTNEJTIyYm9yZGVyJTNBbm9uZSUzQm92ZXJmbG93JTNBaGlkZGVuJTIyJTIwc2Nyb2xsaW5nJTNEJTIybm8lMjIlMjBmcmFtZWJvcmRlciUzRCUyMjAlMjIlMjBhbGxvd1RyYW5zcGFyZW5jeSUzRCUyMnRydWUlMjIlMjBhbGxvdyUzRCUyMmVuY3J5cHRlZC1tZWRpYSUyMiUyMGFsbG93RnVsbFNjcmVlbiUzRCUyMnRydWUlMjIlM0UlM0MlMkZpZnJhbWUlM0U=[\/vc_raw_html][\/vc_column][vc_column width=&#8221;1\/2&#8243;][vc_raw_html]JTNDaWZyYW1lJTIwc3JjJTNEJTIyaHR0cHMlM0ElMkYlMkZ3d3cuZmFjZWJvb2suY29tJTJGcGx1Z2lucyUyRnZpZGVvLnBocCUzRmhyZWYlM0RodHRwcyUyNTNBJTI1MkYlMjUyRnd3dy5mYWNlYm9vay5jb20lMjUyRkdBREF0YWh1YWxwYUhhYmFzcGFtYmElMjUyRnZpZGVvcyUyNTJGMjcwMjE3MjEwMzM1ODM4NiUyNTJGJTI2c2hvd190ZXh0JTNEMSUyNndpZHRoJTNENTYwJTIyJTIwd2lkdGglM0QlMjI1NjAlMjIlMjBoZWlnaHQlM0QlMjI0NjklMjIlMjBzdHlsZSUzRCUyMmJvcmRlciUzQW5vbmUlM0JvdmVyZmxvdyUzQWhpZGRlbiUyMiUyMHNjcm9sbGluZyUzRCUyMm5vJTIyJTIwZnJhbWVib3JkZXIlM0QlMjIwJTIyJTIwYWxsb3dUcmFuc3BhcmVuY3klM0QlMjJ0cnVlJTIyJTIwYWxsb3clM0QlMjJlbmNyeXB0ZWQtbWVkaWElMjIlMjBhbGxvd0Z1bGxTY3JlZW4lM0QlMjJ0cnVlJTIyJTNFJTNDJTJGaWZyYW1lJTNF[\/vc_raw_html][vc_raw_html]JTNDaWZyYW1lJTIwc3JjJTNEJTIyaHR0cHMlM0ElMkYlMkZ3d3cuZmFjZWJvb2suY29tJTJGcGx1Z2lucyUyRnZpZGVvLnBocCUzRmhyZWYlM0RodHRwcyUyNTNBJTI1MkYlMjUyRnd3dy5mYWNlYm9vay5jb20lMjUyRkdBREF0YWh1YWxwYUhhYmFzcGFtYmElMjUyRnZpZGVvcyUyNTJGMjc4OTQ4ODk2NDU5ODI3NSUyNTJGJTI2c2hvd190ZXh0JTNEMSUyNndpZHRoJTNENTYwJTIyJTIwd2lkdGglM0QlMjI1NjAlMjIlMjBoZWlnaHQlM0QlMjI0NzUlMjIlMjBzdHlsZSUzRCUyMmJvcmRlciUzQW5vbmUlM0JvdmVyZmxvdyUzQWhpZGRlbiUyMiUyMHNjcm9sbGluZyUzRCUyMm5vJTIyJTIwZnJhbWVib3JkZXIlM0QlMjIwJTIyJTIwYWxsb3dUcmFuc3BhcmVuY3klM0QlMjJ0cnVlJTIyJTIwYWxsb3clM0QlMjJlbmNyeXB0ZWQtbWVkaWElMjIlMjBhbGxvd0Z1bGxTY3JlZW4lM0QlMjJ0cnVlJTIyJTNFJTNDJTJGaWZyYW1lJTNF[\/vc_raw_html][vc_raw_html]JTNDaWZyYW1lJTIwc3JjJTNEJTIyaHR0cHMlM0ElMkYlMkZ3d3cuZmFjZWJvb2suY29tJTJGcGx1Z2lucyUyRnZpZGVvLnBocCUzRmhyZWYlM0RodHRwcyUyNTNBJTI1MkYlMjUyRnd3dy5mYWNlYm9vay5jb20lMjUyRkdBREF0YWh1YWxwYUhhYmFzcGFtYmElMjUyRnZpZGVvcyUyNTJGMzQzMjg5MzUwMTgxOTY1JTI1MkYlMjZzaG93X3RleHQlM0QxJTI2d2lkdGglM0Q1NjAlMjIlMjB3aWR0aCUzRCUyMjU2MCUyMiUyMGhlaWdodCUzRCUyMjQ3NSUyMiUyMHN0eWxlJTNEJTIyYm9yZGVyJTNBbm9uZSUzQm92ZXJmbG93JTNBaGlkZGVuJTIyJTIwc2Nyb2xsaW5nJTNEJTIybm8lMjIlMjBmcmFtZWJvcmRlciUzRCUyMjAlMjIlMjBhbGxvd1RyYW5zcGFyZW5jeSUzRCUyMnRydWUlMjIlMjBhbGxvdyUzRCUyMmVuY3J5cHRlZC1tZWRpYSUyMiUyMGFsbG93RnVsbFNjcmVlbiUzRCUyMnRydWUlMjIlM0UlM0MlMkZpZnJhbWUlM0U=[\/vc_raw_html][\/vc_column][\/vc_row]","protected":false},"excerpt":{"rendered":"<p>[vc_row][vc_column][vc_column_text]Atahualpa al d\u00eda es un programa creado por el Departamento de Comunicaci\u00f3n del Gobierno Parroquial Rural de Atahualpa Habaspamba con el prop\u00f3sito de generar un espacio de entrevistas con diferentes actores sociales en diferentes temas como productores, emprendedores, artesanos, artistas, gestores culturales, representantes barriales, deportitas y m\u00e1s. [\/vc_column_text][\/vc_column][\/vc_row][vc_row][vc_column width=&#8221;1\/2&#8243;][vc_raw_html]JTNDaWZyYW1lJTIwc3JjJTNEJTIyaHR0cHMlM0ElMkYlMkZ3d3cuZmFjZWJvb2suY29tJTJGcGx1Z2lucyUyRnZpZGVvLnBocCUzRmhyZWYlM0RodHRwcyUyNTNBJTI1MkYlMjUyRnd3dy5mYWNlYm9vay5jb20lMjUyRkdBREF0YWh1YWxwYUhhYmFzcGFtYmElMjUyRnZpZGVvcyUyNTJGMjc2MTg5NzgzODA2OTUxJTI1MkYlMjZzaG93X3RleHQlM0QxJTI2d2lkdGglM0Q1NjAlMjIlMjB3aWR0aCUzRCUyMjU2MCUyMiUyMGhlaWdodCUzRCUyMjUwMCUyMiUyMHN0eWxlJTNEJTIyYm9yZGVyJTNBbm9uZSUzQm92ZXJmbG93JTNBaGlkZGVuJTIyJTIwc2Nyb2xsaW5nJTNEJTIybm8lMjIlMjBmcmFtZWJvcmRlciUzRCUyMjAlMjIlMjBhbGxvd1RyYW5zcGFyZW5jeSUzRCUyMnRydWUlMjIlMjBhbGxvdyUzRCUyMmVuY3J5cHRlZC1tZWRpYSUyMiUyMGFsbG93RnVsbFNjcmVlbiUzRCUyMnRydWUlMjIlM0UlM0MlMkZpZnJhbWUlM0U=[\/vc_raw_html][vc_raw_html]JTNDaWZyYW1lJTIwc3JjJTNEJTIyaHR0cHMlM0ElMkYlMkZ3d3cuZmFjZWJvb2suY29tJTJGcGx1Z2lucyUyRnZpZGVvLnBocCUzRmhyZWYlM0RodHRwcyUyNTNBJTI1MkYlMjUyRnd3dy5mYWNlYm9vay5jb20lMjUyRkdBREF0YWh1YWxwYUhhYmFzcGFtYmElMjUyRnZpZGVvcyUyNTJGMzE4MDQ3NDQyNzE2MTIwJTI1MkYlMjZzaG93X3RleHQlM0QxJTI2d2lkdGglM0Q1NjAlMjIlMjB3aWR0aCUzRCUyMjU2MCUyMiUyMGhlaWdodCUzRCUyMjQ3NSUyMiUyMHN0eWxlJTNEJTIyYm9yZGVyJTNBbm9uZSUzQm92ZXJmbG93JTNBaGlkZGVuJTIyJTIwc2Nyb2xsaW5nJTNEJTIybm8lMjIlMjBmcmFtZWJvcmRlciUzRCUyMjAlMjIlMjBhbGxvd1RyYW5zcGFyZW5jeSUzRCUyMnRydWUlMjIlMjBhbGxvdyUzRCUyMmVuY3J5cHRlZC1tZWRpYSUyMiUyMGFsbG93RnVsbFNjcmVlbiUzRCUyMnRydWUlMjIlM0UlM0MlMkZpZnJhbWUlM0U=[\/vc_raw_html][vc_raw_html]JTNDaWZyYW1lJTIwc3JjJTNEJTIyaHR0cHMlM0ElMkYlMkZ3d3cuZmFjZWJvb2suY29tJTJGcGx1Z2lucyUyRnZpZGVvLnBocCUzRmhyZWYlM0RodHRwcyUyNTNBJTI1MkYlMjUyRnd3dy5mYWNlYm9vay5jb20lMjUyRkdBREF0YWh1YWxwYUhhYmFzcGFtYmElMjUyRnZpZGVvcyUyNTJGNjQzMTk2ODIyOTM2OTYxJTI1MkYlMjZzaG93X3RleHQlM0QxJTI2d2lkdGglM0Q1NjAlMjIlMjB3aWR0aCUzRCUyMjU2MCUyMiUyMGhlaWdodCUzRCUyMjQ1NiUyMiUyMHN0eWxlJTNEJTIyYm9yZGVyJTNBbm9uZSUzQm92ZXJmbG93JTNBaGlkZGVuJTIyJTIwc2Nyb2xsaW5nJTNEJTIybm8lMjIlMjBmcmFtZWJvcmRlciUzRCUyMjAlMjIlMjBhbGxvd1RyYW5zcGFyZW5jeSUzRCUyMnRydWUlMjIlMjBhbGxvdyUzRCUyMmVuY3J5cHRlZC1tZWRpYSUyMiUyMGFsbG93RnVsbFNjcmVlbiUzRCUyMnRydWUlMjIlM0UlM0MlMkZpZnJhbWUlM0U=[\/vc_raw_html][\/vc_column][vc_column width=&#8221;1\/2&#8243;][vc_raw_html]JTNDaWZyYW1lJTIwc3JjJTNEJTIyaHR0cHMlM0ElMkYlMkZ3d3cuZmFjZWJvb2suY29tJTJGcGx1Z2lucyUyRnZpZGVvLnBocCUzRmhyZWYlM0RodHRwcyUyNTNBJTI1MkYlMjUyRnd3dy5mYWNlYm9vay5jb20lMjUyRkdBREF0YWh1YWxwYUhhYmFzcGFtYmElMjUyRnZpZGVvcyUyNTJGMjcwMjE3MjEwMzM1ODM4NiUyNTJGJTI2c2hvd190ZXh0JTNEMSUyNndpZHRoJTNENTYwJTIyJTIwd2lkdGglM0QlMjI1NjAlMjIlMjBoZWlnaHQlM0QlMjI0NjklMjIlMjBzdHlsZSUzRCUyMmJvcmRlciUzQW5vbmUlM0JvdmVyZmxvdyUzQWhpZGRlbiUyMiUyMHNjcm9sbGluZyUzRCUyMm5vJTIyJTIwZnJhbWVib3JkZXIlM0QlMjIwJTIyJTIwYWxsb3dUcmFuc3BhcmVuY3klM0QlMjJ0cnVlJTIyJTIwYWxsb3clM0QlMjJlbmNyeXB0ZWQtbWVkaWElMjIlMjBhbGxvd0Z1bGxTY3JlZW4lM0QlMjJ0cnVlJTIyJTNFJTNDJTJGaWZyYW1lJTNF[\/vc_raw_html][vc_raw_html]JTNDaWZyYW1lJTIwc3JjJTNEJTIyaHR0cHMlM0ElMkYlMkZ3d3cuZmFjZWJvb2suY29tJTJGcGx1Z2lucyUyRnZpZGVvLnBocCUzRmhyZWYlM0RodHRwcyUyNTNBJTI1MkYlMjUyRnd3dy5mYWNlYm9vay5jb20lMjUyRkdBREF0YWh1YWxwYUhhYmFzcGFtYmElMjUyRnZpZGVvcyUyNTJGMjc4OTQ4ODk2NDU5ODI3NSUyNTJGJTI2c2hvd190ZXh0JTNEMSUyNndpZHRoJTNENTYwJTIyJTIwd2lkdGglM0QlMjI1NjAlMjIlMjBoZWlnaHQlM0QlMjI0NzUlMjIlMjBzdHlsZSUzRCUyMmJvcmRlciUzQW5vbmUlM0JvdmVyZmxvdyUzQWhpZGRlbiUyMiUyMHNjcm9sbGluZyUzRCUyMm5vJTIyJTIwZnJhbWVib3JkZXIlM0QlMjIwJTIyJTIwYWxsb3dUcmFuc3BhcmVuY3klM0QlMjJ0cnVlJTIyJTIwYWxsb3clM0QlMjJlbmNyeXB0ZWQtbWVkaWElMjIlMjBhbGxvd0Z1bGxTY3JlZW4lM0QlMjJ0cnVlJTIyJTNFJTNDJTJGaWZyYW1lJTNF[\/vc_raw_html][vc_raw_html]JTNDaWZyYW1lJTIwc3JjJTNEJTIyaHR0cHMlM0ElMkYlMkZ3d3cuZmFjZWJvb2suY29tJTJGcGx1Z2lucyUyRnZpZGVvLnBocCUzRmhyZWYlM0RodHRwcyUyNTNBJTI1MkYlMjUyRnd3dy5mYWNlYm9vay5jb20lMjUyRkdBREF0YWh1YWxwYUhhYmFzcGFtYmElMjUyRnZpZGVvcyUyNTJGMzQzMjg5MzUwMTgxOTY1JTI1MkYlMjZzaG93X3RleHQlM0QxJTI2d2lkdGglM0Q1NjAlMjIlMjB3aWR0aCUzRCUyMjU2MCUyMiUyMGhlaWdodCUzRCUyMjQ3NSUyMiUyMHN0eWxlJTNEJTIyYm9yZGVyJTNBbm9uZSUzQm92ZXJmbG93JTNBaGlkZGVuJTIyJTIwc2Nyb2xsaW5nJTNEJTIybm8lMjIlMjBmcmFtZWJvcmRlciUzRCUyMjAlMjIlMjBhbGxvd1RyYW5zcGFyZW5jeSUzRCUyMnRydWUlMjIlMjBhbGxvdyUzRCUyMmVuY3J5cHRlZC1tZWRpYSUyMiUyMGFsbG93RnVsbFNjcmVlbiUzRCUyMnRydWUlMjIlM0UlM0MlMkZpZnJhbWUlM0U=[\/vc_raw_html][\/vc_column][\/vc_row]<\/p>\n","protected":false},"author":6,"featured_media":0,"parent":0,"menu_order":0,"comment_status":"closed","ping_status":"closed","template":"","meta":{"jetpack_post_was_ever_published":false,"footnotes":""},"class_list":["post-2245","page","type-page","status-publish","hentry","post"],"yoast_head":"<!-- This site is optimized with the Yoast SEO plugin v24.2 - https:\/\/yoast.com\/wordpress\/plugins\/seo\/ -->\n<title>Atahualpa Al D\u00eda - GAD Parroquial Nuevo Quito<\/title>\n<meta name=\"description\" content=\"Conoce de cerca el espacio de entrevistas con diferentes actores sociales en diferentes temas en el programa digital Atahualpa Al D\u00eda.\" \/>\n<meta name=\"robots\" content=\"index, follow, max-snippet:-1, max-image-preview:large, max-video-preview:-1\" \/>\n<link rel=\"canonical\" href=\"https:\/\/gadnuevoquito.gob.ec\/zamorachinchipe\/atahualpa-al-dia\/\" \/>\n<meta property=\"og:locale\" content=\"es_ES\" \/>\n<meta property=\"og:type\" content=\"article\" \/>\n<meta property=\"og:title\" content=\"Atahualpa Al D\u00eda - GAD Parroquial Nuevo Quito\" \/>\n<meta property=\"og:description\" content=\"Conoce de cerca el espacio de entrevistas con diferentes actores sociales en diferentes temas en el programa digital Atahualpa Al D\u00eda.\" \/>\n<meta property=\"og:url\" content=\"https:\/\/gadnuevoquito.gob.ec\/zamorachinchipe\/atahualpa-al-dia\/\" \/>\n<meta property=\"og:site_name\" content=\"GAD Parroquial Nuevo Quito\" \/>\n<meta property=\"article:modified_time\" content=\"2021-03-09T21:00:26+00:00\" \/>\n<meta name=\"twitter:card\" content=\"summary_large_image\" \/>\n<meta name=\"twitter:label1\" content=\"Tiempo de lectura\" \/>\n\t<meta name=\"twitter:data1\" content=\"2 minutos\" \/>\n<script type=\"application\/ld+json\" class=\"yoast-schema-graph\">{\"@context\":\"https:\/\/schema.org\",\"@graph\":[{\"@type\":\"WebPage\",\"@id\":\"https:\/\/gadnuevoquito.gob.ec\/zamorachinchipe\/atahualpa-al-dia\/\",\"url\":\"https:\/\/gadnuevoquito.gob.ec\/zamorachinchipe\/atahualpa-al-dia\/\",\"name\":\"Atahualpa Al D\u00eda - GAD Parroquial Nuevo Quito\",\"isPartOf\":{\"@id\":\"https:\/\/gadnuevoquito.gob.ec\/zamorachinchipe\/#website\"},\"datePublished\":\"2020-09-04T17:59:17+00:00\",\"dateModified\":\"2021-03-09T21:00:26+00:00\",\"description\":\"Conoce de cerca el espacio de entrevistas con diferentes actores sociales en diferentes temas en el programa digital Atahualpa Al D\u00eda.\",\"breadcrumb\":{\"@id\":\"https:\/\/gadnuevoquito.gob.ec\/zamorachinchipe\/atahualpa-al-dia\/#breadcrumb\"},\"inLanguage\":\"es\",\"potentialAction\":[{\"@type\":\"ReadAction\",\"target\":[\"https:\/\/gadnuevoquito.gob.ec\/zamorachinchipe\/atahualpa-al-dia\/\"]}]},{\"@type\":\"BreadcrumbList\",\"@id\":\"https:\/\/gadnuevoquito.gob.ec\/zamorachinchipe\/atahualpa-al-dia\/#breadcrumb\",\"itemListElement\":[{\"@type\":\"ListItem\",\"position\":1,\"name\":\"Home\",\"item\":\"https:\/\/gadnuevoquito.gob.ec\/zamorachinchipe\/\"},{\"@type\":\"ListItem\",\"position\":2,\"name\":\"Atahualpa Al D\u00eda\"}]},{\"@type\":\"WebSite\",\"@id\":\"https:\/\/gadnuevoquito.gob.ec\/zamorachinchipe\/#website\",\"url\":\"https:\/\/gadnuevoquito.gob.ec\/zamorachinchipe\/\",\"name\":\"GAD Parroquial Nuevo Quito\",\"description\":\"Sitio web oficial del GAD Parroquial Rural de Nuevo Quito en la provincia de Zamora Chinchipe.\",\"publisher\":{\"@id\":\"https:\/\/gadnuevoquito.gob.ec\/zamorachinchipe\/#organization\"},\"potentialAction\":[{\"@type\":\"SearchAction\",\"target\":{\"@type\":\"EntryPoint\",\"urlTemplate\":\"https:\/\/gadnuevoquito.gob.ec\/zamorachinchipe\/?s={search_term_string}\"},\"query-input\":{\"@type\":\"PropertyValueSpecification\",\"valueRequired\":true,\"valueName\":\"search_term_string\"}}],\"inLanguage\":\"es\"},{\"@type\":\"Organization\",\"@id\":\"https:\/\/gadnuevoquito.gob.ec\/zamorachinchipe\/#organization\",\"name\":\"GAD Parroquial Nuevo Quito\",\"url\":\"https:\/\/gadnuevoquito.gob.ec\/zamorachinchipe\/\",\"logo\":{\"@type\":\"ImageObject\",\"inLanguage\":\"es\",\"@id\":\"https:\/\/gadnuevoquito.gob.ec\/zamorachinchipe\/#\/schema\/logo\/image\/\",\"url\":\"https:\/\/gadnuevoquito.gob.ec\/zamorachinchipe\/wp-content\/uploads\/2023\/07\/WhatsApp-Image-2023-07-21-at-11.40.03.jpeg\",\"contentUrl\":\"https:\/\/gadnuevoquito.gob.ec\/zamorachinchipe\/wp-content\/uploads\/2023\/07\/WhatsApp-Image-2023-07-21-at-11.40.03.jpeg\",\"width\":761,\"height\":546,\"caption\":\"GAD Parroquial Nuevo Quito\"},\"image\":{\"@id\":\"https:\/\/gadnuevoquito.gob.ec\/zamorachinchipe\/#\/schema\/logo\/image\/\"}}]}<\/script>\n<!-- \/ Yoast SEO plugin. -->","yoast_head_json":{"title":"Atahualpa Al D\u00eda - GAD Parroquial Nuevo Quito","description":"Conoce de cerca el espacio de entrevistas con diferentes actores sociales en diferentes temas en el programa digital Atahualpa Al D\u00eda.","robots":{"index":"index","follow":"follow","max-snippet":"max-snippet:-1","max-image-preview":"max-image-preview:large","max-video-preview":"max-video-preview:-1"},"canonical":"https:\/\/gadnuevoquito.gob.ec\/zamorachinchipe\/atahualpa-al-dia\/","og_locale":"es_ES","og_type":"article","og_title":"Atahualpa Al D\u00eda - GAD Parroquial Nuevo Quito","og_description":"Conoce de cerca el espacio de entrevistas con diferentes actores sociales en diferentes temas en el programa digital Atahualpa Al D\u00eda.","og_url":"https:\/\/gadnuevoquito.gob.ec\/zamorachinchipe\/atahualpa-al-dia\/","og_site_name":"GAD Parroquial Nuevo Quito","article_modified_time":"2021-03-09T21:00:26+00:00","twitter_card":"summary_large_image","twitter_misc":{"Tiempo de lectura":"2 minutos"},"schema":{"@context":"https:\/\/schema.org","@graph":[{"@type":"WebPage","@id":"https:\/\/gadnuevoquito.gob.ec\/zamorachinchipe\/atahualpa-al-dia\/","url":"https:\/\/gadnuevoquito.gob.ec\/zamorachinchipe\/atahualpa-al-dia\/","name":"Atahualpa Al D\u00eda - GAD Parroquial Nuevo Quito","isPartOf":{"@id":"https:\/\/gadnuevoquito.gob.ec\/zamorachinchipe\/#website"},"datePublished":"2020-09-04T17:59:17+00:00","dateModified":"2021-03-09T21:00:26+00:00","description":"Conoce de cerca el espacio de entrevistas con diferentes actores sociales en diferentes temas en el programa digital Atahualpa Al D\u00eda.","breadcrumb":{"@id":"https:\/\/gadnuevoquito.gob.ec\/zamorachinchipe\/atahualpa-al-dia\/#breadcrumb"},"inLanguage":"es","potentialAction":[{"@type":"ReadAction","target":["https:\/\/gadnuevoquito.gob.ec\/zamorachinchipe\/atahualpa-al-dia\/"]}]},{"@type":"BreadcrumbList","@id":"https:\/\/gadnuevoquito.gob.ec\/zamorachinchipe\/atahualpa-al-dia\/#breadcrumb","itemListElement":[{"@type":"ListItem","position":1,"name":"Home","item":"https:\/\/gadnuevoquito.gob.ec\/zamorachinchipe\/"},{"@type":"ListItem","position":2,"name":"Atahualpa Al D\u00eda"}]},{"@type":"WebSite","@id":"https:\/\/gadnuevoquito.gob.ec\/zamorachinchipe\/#website","url":"https:\/\/gadnuevoquito.gob.ec\/zamorachinchipe\/","name":"GAD Parroquial Nuevo Quito","description":"Sitio web oficial del GAD Parroquial Rural de Nuevo Quito en la provincia de Zamora Chinchipe.","publisher":{"@id":"https:\/\/gadnuevoquito.gob.ec\/zamorachinchipe\/#organization"},"potentialAction":[{"@type":"SearchAction","target":{"@type":"EntryPoint","urlTemplate":"https:\/\/gadnuevoquito.gob.ec\/zamorachinchipe\/?s={search_term_string}"},"query-input":{"@type":"PropertyValueSpecification","valueRequired":true,"valueName":"search_term_string"}}],"inLanguage":"es"},{"@type":"Organization","@id":"https:\/\/gadnuevoquito.gob.ec\/zamorachinchipe\/#organization","name":"GAD Parroquial Nuevo Quito","url":"https:\/\/gadnuevoquito.gob.ec\/zamorachinchipe\/","logo":{"@type":"ImageObject","inLanguage":"es","@id":"https:\/\/gadnuevoquito.gob.ec\/zamorachinchipe\/#\/schema\/logo\/image\/","url":"https:\/\/gadnuevoquito.gob.ec\/zamorachinchipe\/wp-content\/uploads\/2023\/07\/WhatsApp-Image-2023-07-21-at-11.40.03.jpeg","contentUrl":"https:\/\/gadnuevoquito.gob.ec\/zamorachinchipe\/wp-content\/uploads\/2023\/07\/WhatsApp-Image-2023-07-21-at-11.40.03.jpeg","width":761,"height":546,"caption":"GAD Parroquial Nuevo Quito"},"image":{"@id":"https:\/\/gadnuevoquito.gob.ec\/zamorachinchipe\/#\/schema\/logo\/image\/"}}]}},"jetpack_shortlink":"https:\/\/wp.me\/Pcm8cc-Ad","jetpack_sharing_enabled":true,"jetpack_likes_enabled":true,"_links":{"self":[{"href":"https:\/\/gadnuevoquito.gob.ec\/zamorachinchipe\/wp-json\/wp\/v2\/pages\/2245","targetHints":{"allow":["GET"]}}],"collection":[{"href":"https:\/\/gadnuevoquito.gob.ec\/zamorachinchipe\/wp-json\/wp\/v2\/pages"}],"about":[{"href":"https:\/\/gadnuevoquito.gob.ec\/zamorachinchipe\/wp-json\/wp\/v2\/types\/page"}],"author":[{"embeddable":true,"href":"https:\/\/gadnuevoquito.gob.ec\/zamorachinchipe\/wp-json\/wp\/v2\/users\/6"}],"replies":[{"embeddable":true,"href":"https:\/\/gadnuevoquito.gob.ec\/zamorachinchipe\/wp-json\/wp\/v2\/comments?post=2245"}],"version-history":[{"count":7,"href":"https:\/\/gadnuevoquito.gob.ec\/zamorachinchipe\/wp-json\/wp\/v2\/pages\/2245\/revisions"}],"predecessor-version":[{"id":3093,"href":"https:\/\/gadnuevoquito.gob.ec\/zamorachinchipe\/wp-json\/wp\/v2\/pages\/2245\/revisions\/3093"}],"wp:attachment":[{"href":"https:\/\/gadnuevoquito.gob.ec\/zamorachinchipe\/wp-json\/wp\/v2\/media?parent=2245"}],"curies":[{"name":"wp","href":"https:\/\/api.w.org\/{rel}","templated":true}]}}