{"id":812,"date":"2016-06-29T09:20:52","date_gmt":"2016-06-29T13:20:52","guid":{"rendered":"http:\/\/atahualpahabaspamba.gob.ec\/pichincha\/?page_id=812"},"modified":"2023-07-23T15:31:44","modified_gmt":"2023-07-23T20:31:44","slug":"contactenos","status":"publish","type":"page","link":"https:\/\/gadnuevoquito.gob.ec\/zamorachinchipe\/contactenos\/","title":{"rendered":"Cont\u00e1ctanos"},"content":{"rendered":"<table style=\"height: 312px;\" width=\"887\">\n<tbody>\n<tr>\n<td width=\"400\">\n<div class=\"wpcf7 no-js\" id=\"wpcf7-f1114-o1\" lang=\"es-ES\" dir=\"ltr\" data-wpcf7-id=\"1114\">\n<div class=\"screen-reader-response\"><p role=\"status\" aria-live=\"polite\" aria-atomic=\"true\"><\/p> <ul><\/ul><\/div>\n<form action=\"\/zamorachinchipe\/wp-json\/wp\/v2\/pages\/812#wpcf7-f1114-o1\" method=\"post\" class=\"wpcf7-form init\" aria-label=\"Formulario de contacto\" novalidate=\"novalidate\" data-status=\"init\">\n<div style=\"display: none;\">\n<input type=\"hidden\" name=\"_wpcf7\" value=\"1114\" \/>\n<input type=\"hidden\" name=\"_wpcf7_version\" value=\"6.0.2\" \/>\n<input type=\"hidden\" name=\"_wpcf7_locale\" value=\"es_ES\" \/>\n<input type=\"hidden\" name=\"_wpcf7_unit_tag\" value=\"wpcf7-f1114-o1\" \/>\n<input type=\"hidden\" name=\"_wpcf7_container_post\" value=\"0\" \/>\n<input type=\"hidden\" name=\"_wpcf7_posted_data_hash\" value=\"\" \/>\n<input type=\"hidden\" name=\"_wpcf7_recaptcha_response\" value=\"\" \/>\n<\/div>\n<p><label> Nombre (requerido)<br \/>\n<span class=\"wpcf7-form-control-wrap\" data-name=\"your-name\"><input size=\"40\" maxlength=\"400\" class=\"wpcf7-form-control wpcf7-text wpcf7-validates-as-required\" aria-required=\"true\" aria-invalid=\"false\" value=\"\" type=\"text\" name=\"your-name\" \/><\/span> <\/label>\n<\/p>\n<p><label> Tu correo electr\u00f3nico (requerido)<br \/>\n<span class=\"wpcf7-form-control-wrap\" data-name=\"your-email\"><input size=\"40\" maxlength=\"400\" class=\"wpcf7-form-control wpcf7-email wpcf7-validates-as-required wpcf7-text wpcf7-validates-as-email\" aria-required=\"true\" aria-invalid=\"false\" value=\"\" type=\"email\" name=\"your-email\" \/><\/span> <\/label>\n<\/p>\n<p><label> Asunto<br \/>\n<span class=\"wpcf7-form-control-wrap\" data-name=\"your-subject\"><input size=\"40\" maxlength=\"400\" class=\"wpcf7-form-control wpcf7-text\" aria-invalid=\"false\" value=\"\" type=\"text\" name=\"your-subject\" \/><\/span> <\/label>\n<\/p>\n<p><label> Mensaje<br \/>\n<span class=\"wpcf7-form-control-wrap\" data-name=\"your-message\"><textarea cols=\"40\" rows=\"10\" maxlength=\"2000\" class=\"wpcf7-form-control wpcf7-textarea\" aria-invalid=\"false\" name=\"your-message\"><\/textarea><\/span> <\/label>\n<\/p>\n<p><input class=\"wpcf7-form-control wpcf7-submit has-spinner\" type=\"submit\" value=\"Enviar\" \/>\n<\/p><div class=\"wpcf7-response-output\" aria-hidden=\"true\"><\/div>\n<\/form>\n<\/div>\n<\/td>\n<td style=\"text-align: center;\" width=\"400\"><img loading=\"lazy\" decoding=\"async\" class=\"alignnone size-full wp-image-4832\" src=\"https:\/\/gadnuevoquito.gob.ec\/zamorachinchipe\/wp-content\/uploads\/2023\/07\/Sin-titulo-1.png\" alt=\"\" width=\"1800\" height=\"700\" srcset=\"https:\/\/gadnuevoquito.gob.ec\/zamorachinchipe\/wp-content\/uploads\/2023\/07\/Sin-titulo-1.png 1800w, https:\/\/gadnuevoquito.gob.ec\/zamorachinchipe\/wp-content\/uploads\/2023\/07\/Sin-titulo-1-550x214.png 550w, https:\/\/gadnuevoquito.gob.ec\/zamorachinchipe\/wp-content\/uploads\/2023\/07\/Sin-titulo-1-1024x398.png 1024w, https:\/\/gadnuevoquito.gob.ec\/zamorachinchipe\/wp-content\/uploads\/2023\/07\/Sin-titulo-1-768x299.png 768w, https:\/\/gadnuevoquito.gob.ec\/zamorachinchipe\/wp-content\/uploads\/2023\/07\/Sin-titulo-1-1536x597.png 1536w\" sizes=\"auto, (max-width: 1800px) 100vw, 1800px\" \/><\/p>\n<p style=\"text-align: center;\"><strong>Direcci\u00f3n: <\/strong>VIA A CHINAPINTZA FRENTE AL PARQUE CENTRAL &#8211; Zamora Chinchipe<\/p>\n<p><strong><i id=\"yui_3_16_0_ym19_1_1469458966574_35680\"><b id=\"yui_3_16_0_ym19_1_1469458966574_35679\">Tel\u00e9fono: <\/b><\/i><\/strong><i id=\"yui_3_16_0_ym19_1_1469458966574_35680\">098 270 1411 secretaria <\/i><i id=\"yui_3_16_0_ym19_1_1469458966574_35680\"><br \/>\n098 071 5243 presidencia<\/i><\/p>\n<p><strong>Correo electr\u00f3nico:<\/strong>parroquia_nuevo_quito@yahoo.es<\/td>\n<\/tr>\n<\/tbody>\n<\/table>\n","protected":false},"excerpt":{"rendered":"<p>Direcci\u00f3n: VIA A CHINAPINTZA FRENTE AL PARQUE CENTRAL &#8211; Zamora Chinchipe Tel\u00e9fono: 098 270 1411 secretaria 098 071 5243 presidencia Correo electr\u00f3nico:parroquia_nuevo_quito@yahoo.es<\/p>\n","protected":false},"author":6,"featured_media":0,"parent":0,"menu_order":0,"comment_status":"closed","ping_status":"closed","template":"","meta":{"jetpack_post_was_ever_published":false,"footnotes":""},"class_list":["post-812","page","type-page","status-publish","hentry","post"],"yoast_head":"<!-- This site is optimized with the Yoast SEO plugin v24.2 - https:\/\/yoast.com\/wordpress\/plugins\/seo\/ -->\n<title>Cont\u00e1ctanos - GAD Parroquial Nuevo Quito<\/title>\n<meta name=\"description\" content=\"GAD Parroquial de Nuevo Quito - Contacto - Zamora Chinchipe\" \/>\n<meta name=\"robots\" content=\"index, follow, max-snippet:-1, max-image-preview:large, max-video-preview:-1\" \/>\n<link rel=\"canonical\" href=\"https:\/\/gadnuevoquito.gob.ec\/zamorachinchipe\/contactenos\/\" \/>\n<meta property=\"og:locale\" content=\"es_ES\" \/>\n<meta property=\"og:type\" content=\"article\" \/>\n<meta property=\"og:title\" content=\"Cont\u00e1ctanos - GAD Parroquial Nuevo Quito\" \/>\n<meta property=\"og:description\" content=\"GAD Parroquial de Nuevo Quito - Contacto - Zamora Chinchipe\" \/>\n<meta property=\"og:url\" content=\"https:\/\/gadnuevoquito.gob.ec\/zamorachinchipe\/contactenos\/\" \/>\n<meta property=\"og:site_name\" content=\"GAD Parroquial Nuevo Quito\" \/>\n<meta property=\"article:modified_time\" content=\"2023-07-23T20:31:44+00:00\" \/>\n<meta property=\"og:image\" content=\"https:\/\/gadnuevoquito.gob.ec\/zamorachinchipe\/wp-content\/uploads\/2023\/07\/Sin-titulo-1.png\" \/>\n<meta name=\"twitter:card\" content=\"summary_large_image\" \/>\n<meta name=\"twitter:label1\" content=\"Tiempo de lectura\" \/>\n\t<meta name=\"twitter:data1\" content=\"1 minuto\" \/>\n<script type=\"application\/ld+json\" class=\"yoast-schema-graph\">{\"@context\":\"https:\/\/schema.org\",\"@graph\":[{\"@type\":\"WebPage\",\"@id\":\"https:\/\/gadnuevoquito.gob.ec\/zamorachinchipe\/contactenos\/\",\"url\":\"https:\/\/gadnuevoquito.gob.ec\/zamorachinchipe\/contactenos\/\",\"name\":\"Cont\u00e1ctanos - GAD Parroquial Nuevo Quito\",\"isPartOf\":{\"@id\":\"https:\/\/gadnuevoquito.gob.ec\/zamorachinchipe\/#website\"},\"primaryImageOfPage\":{\"@id\":\"https:\/\/gadnuevoquito.gob.ec\/zamorachinchipe\/contactenos\/#primaryimage\"},\"image\":{\"@id\":\"https:\/\/gadnuevoquito.gob.ec\/zamorachinchipe\/contactenos\/#primaryimage\"},\"thumbnailUrl\":\"https:\/\/gadnuevoquito.gob.ec\/zamorachinchipe\/wp-content\/uploads\/2023\/07\/Sin-titulo-1.png\",\"datePublished\":\"2016-06-29T13:20:52+00:00\",\"dateModified\":\"2023-07-23T20:31:44+00:00\",\"description\":\"GAD Parroquial de Nuevo Quito - Contacto - Zamora Chinchipe\",\"breadcrumb\":{\"@id\":\"https:\/\/gadnuevoquito.gob.ec\/zamorachinchipe\/contactenos\/#breadcrumb\"},\"inLanguage\":\"es\",\"potentialAction\":[{\"@type\":\"ReadAction\",\"target\":[\"https:\/\/gadnuevoquito.gob.ec\/zamorachinchipe\/contactenos\/\"]}]},{\"@type\":\"ImageObject\",\"inLanguage\":\"es\",\"@id\":\"https:\/\/gadnuevoquito.gob.ec\/zamorachinchipe\/contactenos\/#primaryimage\",\"url\":\"https:\/\/gadnuevoquito.gob.ec\/zamorachinchipe\/wp-content\/uploads\/2023\/07\/Sin-titulo-1.png\",\"contentUrl\":\"https:\/\/gadnuevoquito.gob.ec\/zamorachinchipe\/wp-content\/uploads\/2023\/07\/Sin-titulo-1.png\",\"width\":1800,\"height\":700},{\"@type\":\"BreadcrumbList\",\"@id\":\"https:\/\/gadnuevoquito.gob.ec\/zamorachinchipe\/contactenos\/#breadcrumb\",\"itemListElement\":[{\"@type\":\"ListItem\",\"position\":1,\"name\":\"Home\",\"item\":\"https:\/\/gadnuevoquito.gob.ec\/zamorachinchipe\/\"},{\"@type\":\"ListItem\",\"position\":2,\"name\":\"Cont\u00e1ctanos\"}]},{\"@type\":\"WebSite\",\"@id\":\"https:\/\/gadnuevoquito.gob.ec\/zamorachinchipe\/#website\",\"url\":\"https:\/\/gadnuevoquito.gob.ec\/zamorachinchipe\/\",\"name\":\"GAD Parroquial Nuevo Quito\",\"description\":\"Sitio web oficial del GAD Parroquial Rural de Nuevo Quito en la provincia de Zamora Chinchipe.\",\"publisher\":{\"@id\":\"https:\/\/gadnuevoquito.gob.ec\/zamorachinchipe\/#organization\"},\"potentialAction\":[{\"@type\":\"SearchAction\",\"target\":{\"@type\":\"EntryPoint\",\"urlTemplate\":\"https:\/\/gadnuevoquito.gob.ec\/zamorachinchipe\/?s={search_term_string}\"},\"query-input\":{\"@type\":\"PropertyValueSpecification\",\"valueRequired\":true,\"valueName\":\"search_term_string\"}}],\"inLanguage\":\"es\"},{\"@type\":\"Organization\",\"@id\":\"https:\/\/gadnuevoquito.gob.ec\/zamorachinchipe\/#organization\",\"name\":\"GAD Parroquial Nuevo Quito\",\"url\":\"https:\/\/gadnuevoquito.gob.ec\/zamorachinchipe\/\",\"logo\":{\"@type\":\"ImageObject\",\"inLanguage\":\"es\",\"@id\":\"https:\/\/gadnuevoquito.gob.ec\/zamorachinchipe\/#\/schema\/logo\/image\/\",\"url\":\"https:\/\/gadnuevoquito.gob.ec\/zamorachinchipe\/wp-content\/uploads\/2023\/07\/WhatsApp-Image-2023-07-21-at-11.40.03.jpeg\",\"contentUrl\":\"https:\/\/gadnuevoquito.gob.ec\/zamorachinchipe\/wp-content\/uploads\/2023\/07\/WhatsApp-Image-2023-07-21-at-11.40.03.jpeg\",\"width\":761,\"height\":546,\"caption\":\"GAD Parroquial Nuevo Quito\"},\"image\":{\"@id\":\"https:\/\/gadnuevoquito.gob.ec\/zamorachinchipe\/#\/schema\/logo\/image\/\"}}]}<\/script>\n<!-- \/ Yoast SEO plugin. -->","yoast_head_json":{"title":"Cont\u00e1ctanos - GAD Parroquial Nuevo Quito","description":"GAD Parroquial de Nuevo Quito - Contacto - Zamora Chinchipe","robots":{"index":"index","follow":"follow","max-snippet":"max-snippet:-1","max-image-preview":"max-image-preview:large","max-video-preview":"max-video-preview:-1"},"canonical":"https:\/\/gadnuevoquito.gob.ec\/zamorachinchipe\/contactenos\/","og_locale":"es_ES","og_type":"article","og_title":"Cont\u00e1ctanos - GAD Parroquial Nuevo Quito","og_description":"GAD Parroquial de Nuevo Quito - Contacto - Zamora Chinchipe","og_url":"https:\/\/gadnuevoquito.gob.ec\/zamorachinchipe\/contactenos\/","og_site_name":"GAD Parroquial Nuevo Quito","article_modified_time":"2023-07-23T20:31:44+00:00","og_image":[{"url":"https:\/\/gadnuevoquito.gob.ec\/zamorachinchipe\/wp-content\/uploads\/2023\/07\/Sin-titulo-1.png","type":"","width":"","height":""}],"twitter_card":"summary_large_image","twitter_misc":{"Tiempo de lectura":"1 minuto"},"schema":{"@context":"https:\/\/schema.org","@graph":[{"@type":"WebPage","@id":"https:\/\/gadnuevoquito.gob.ec\/zamorachinchipe\/contactenos\/","url":"https:\/\/gadnuevoquito.gob.ec\/zamorachinchipe\/contactenos\/","name":"Cont\u00e1ctanos - GAD Parroquial Nuevo Quito","isPartOf":{"@id":"https:\/\/gadnuevoquito.gob.ec\/zamorachinchipe\/#website"},"primaryImageOfPage":{"@id":"https:\/\/gadnuevoquito.gob.ec\/zamorachinchipe\/contactenos\/#primaryimage"},"image":{"@id":"https:\/\/gadnuevoquito.gob.ec\/zamorachinchipe\/contactenos\/#primaryimage"},"thumbnailUrl":"https:\/\/gadnuevoquito.gob.ec\/zamorachinchipe\/wp-content\/uploads\/2023\/07\/Sin-titulo-1.png","datePublished":"2016-06-29T13:20:52+00:00","dateModified":"2023-07-23T20:31:44+00:00","description":"GAD Parroquial de Nuevo Quito - Contacto - Zamora Chinchipe","breadcrumb":{"@id":"https:\/\/gadnuevoquito.gob.ec\/zamorachinchipe\/contactenos\/#breadcrumb"},"inLanguage":"es","potentialAction":[{"@type":"ReadAction","target":["https:\/\/gadnuevoquito.gob.ec\/zamorachinchipe\/contactenos\/"]}]},{"@type":"ImageObject","inLanguage":"es","@id":"https:\/\/gadnuevoquito.gob.ec\/zamorachinchipe\/contactenos\/#primaryimage","url":"https:\/\/gadnuevoquito.gob.ec\/zamorachinchipe\/wp-content\/uploads\/2023\/07\/Sin-titulo-1.png","contentUrl":"https:\/\/gadnuevoquito.gob.ec\/zamorachinchipe\/wp-content\/uploads\/2023\/07\/Sin-titulo-1.png","width":1800,"height":700},{"@type":"BreadcrumbList","@id":"https:\/\/gadnuevoquito.gob.ec\/zamorachinchipe\/contactenos\/#breadcrumb","itemListElement":[{"@type":"ListItem","position":1,"name":"Home","item":"https:\/\/gadnuevoquito.gob.ec\/zamorachinchipe\/"},{"@type":"ListItem","position":2,"name":"Cont\u00e1ctanos"}]},{"@type":"WebSite","@id":"https:\/\/gadnuevoquito.gob.ec\/zamorachinchipe\/#website","url":"https:\/\/gadnuevoquito.gob.ec\/zamorachinchipe\/","name":"GAD Parroquial Nuevo Quito","description":"Sitio web oficial del GAD Parroquial Rural de Nuevo Quito en la provincia de Zamora Chinchipe.","publisher":{"@id":"https:\/\/gadnuevoquito.gob.ec\/zamorachinchipe\/#organization"},"potentialAction":[{"@type":"SearchAction","target":{"@type":"EntryPoint","urlTemplate":"https:\/\/gadnuevoquito.gob.ec\/zamorachinchipe\/?s={search_term_string}"},"query-input":{"@type":"PropertyValueSpecification","valueRequired":true,"valueName":"search_term_string"}}],"inLanguage":"es"},{"@type":"Organization","@id":"https:\/\/gadnuevoquito.gob.ec\/zamorachinchipe\/#organization","name":"GAD Parroquial Nuevo Quito","url":"https:\/\/gadnuevoquito.gob.ec\/zamorachinchipe\/","logo":{"@type":"ImageObject","inLanguage":"es","@id":"https:\/\/gadnuevoquito.gob.ec\/zamorachinchipe\/#\/schema\/logo\/image\/","url":"https:\/\/gadnuevoquito.gob.ec\/zamorachinchipe\/wp-content\/uploads\/2023\/07\/WhatsApp-Image-2023-07-21-at-11.40.03.jpeg","contentUrl":"https:\/\/gadnuevoquito.gob.ec\/zamorachinchipe\/wp-content\/uploads\/2023\/07\/WhatsApp-Image-2023-07-21-at-11.40.03.jpeg","width":761,"height":546,"caption":"GAD Parroquial Nuevo Quito"},"image":{"@id":"https:\/\/gadnuevoquito.gob.ec\/zamorachinchipe\/#\/schema\/logo\/image\/"}}]}},"jetpack_shortlink":"https:\/\/wp.me\/Pcm8cc-d6","jetpack_sharing_enabled":true,"jetpack_likes_enabled":true,"_links":{"self":[{"href":"https:\/\/gadnuevoquito.gob.ec\/zamorachinchipe\/wp-json\/wp\/v2\/pages\/812","targetHints":{"allow":["GET"]}}],"collection":[{"href":"https:\/\/gadnuevoquito.gob.ec\/zamorachinchipe\/wp-json\/wp\/v2\/pages"}],"about":[{"href":"https:\/\/gadnuevoquito.gob.ec\/zamorachinchipe\/wp-json\/wp\/v2\/types\/page"}],"author":[{"embeddable":true,"href":"https:\/\/gadnuevoquito.gob.ec\/zamorachinchipe\/wp-json\/wp\/v2\/users\/6"}],"replies":[{"embeddable":true,"href":"https:\/\/gadnuevoquito.gob.ec\/zamorachinchipe\/wp-json\/wp\/v2\/comments?post=812"}],"version-history":[{"count":14,"href":"https:\/\/gadnuevoquito.gob.ec\/zamorachinchipe\/wp-json\/wp\/v2\/pages\/812\/revisions"}],"predecessor-version":[{"id":4849,"href":"https:\/\/gadnuevoquito.gob.ec\/zamorachinchipe\/wp-json\/wp\/v2\/pages\/812\/revisions\/4849"}],"wp:attachment":[{"href":"https:\/\/gadnuevoquito.gob.ec\/zamorachinchipe\/wp-json\/wp\/v2\/media?parent=812"}],"curies":[{"name":"wp","href":"https:\/\/api.w.org\/{rel}","templated":true}]}}